{"id":2708,"date":"2024-11-08T15:24:14","date_gmt":"2024-11-08T14:24:14","guid":{"rendered":"https:\/\/www.taxapa.com\/nevyhody-devops\/"},"modified":"2025-05-22T09:59:54","modified_gmt":"2025-05-22T07:59:54","slug":"nevyhody-devops","status":"publish","type":"page","link":"https:\/\/www.taxapa.com\/sk\/nevyhody-devops\/","title":{"rendered":"Nev\u00fdhody DevOps"},"content":{"rendered":"\t\t<div data-elementor-type=\"wp-page\" data-elementor-id=\"2708\" class=\"elementor elementor-2708 elementor-422\">\n\t\t\t\t<div class=\"elementor-element elementor-element-47c1696 e-flex e-con-boxed e-con e-parent\" data-id=\"47c1696\" data-element_type=\"container\">\n\t\t\t\t\t<div class=\"e-con-inner\">\n\t\t<div class=\"elementor-element elementor-element-8bb4d72 e-con-full e-flex e-con e-child\" data-id=\"8bb4d72\" data-element_type=\"container\">\n\t\t\t\t<div class=\"elementor-element elementor-element-f94455c elementor-widget elementor-widget-heading\" data-id=\"f94455c\" data-element_type=\"widget\" data-widget_type=\"heading.default\">\n\t\t\t\t\t<h1 class=\"elementor-heading-title elementor-size-default\">Nev\u00fdhody DevOps<\/h1>\t\t\t\t<\/div>\n\t\t\t\t<div class=\"elementor-element elementor-element-30bb415 elementor-widget elementor-widget-text-editor\" data-id=\"30bb415\" data-element_type=\"widget\" data-widget_type=\"text-editor.default\">\n\t\t\t\t\t\t\t\t\t<p>Medzi nev\u00fdhody DevOps patr\u00ed nutnos\u0165 zmeny firemnej kult\u00fary a zvl\u00e1dnutie komplexn\u00fdch n\u00e1strojov, \u010do si vy\u017eaduje \u010das. Automatiz\u00e1cia m\u00f4\u017ee zv\u00fd\u0161i\u0165 riziko bezpe\u010dnostn\u00fdch prehliadnut\u00ed a vysok\u00e9 po\u010diato\u010dn\u00e9 n\u00e1klady na n\u00e1stroje a \u0161kolenia zvy\u0161uj\u00fa celkov\u00e9 n\u00e1klady na jeho zavedenie.<\/p><p>\u00a0<\/p><p>Things are getting better with us!<\/p>\t\t\t\t\t\t\t\t<\/div>\n\t\t\t\t<div class=\"elementor-element elementor-element-8724ded button-primary elementor-widget elementor-widget-button\" data-id=\"8724ded\" data-element_type=\"widget\" data-widget_type=\"button.default\">\n\t\t\t\t\t\t\t\t\t\t<a class=\"elementor-button elementor-button-link elementor-size-sm\" href=\"#contact\">\n\t\t\t\t\t\t<span class=\"elementor-button-content-wrapper\">\n\t\t\t\t\t\t<span class=\"elementor-button-icon\">\n\t\t\t\t\t\t\t<\/span>\n\t\t\t\t\t\t\t\t\t<span class=\"elementor-button-text\">Kontaktujte n\u00e1s<\/span>\n\t\t\t\t\t<\/span>\n\t\t\t\t\t<\/a>\n\t\t\t\t\t\t\t\t<\/div>\n\t\t\t\t<\/div>\n\t\t<div class=\"elementor-element elementor-element-72ab11b e-con-full e-flex e-con e-child\" data-id=\"72ab11b\" data-element_type=\"container\">\n\t\t\t\t<div class=\"elementor-element elementor-element-46dfdea elementor-widget elementor-widget-image\" data-id=\"46dfdea\" data-element_type=\"widget\" data-widget_type=\"image.default\">\n\t\t\t\t\t\t\t\t\t\t\t\t\t\t\t<img fetchpriority=\"high\" decoding=\"async\" width=\"730\" height=\"260\" src=\"https:\/\/www.taxapa.com\/wp-content\/uploads\/2024\/11\/Frame-15.png\" class=\"attachment-large size-large wp-image-271\" alt=\"\" srcset=\"https:\/\/www.taxapa.com\/wp-content\/uploads\/2024\/11\/Frame-15.png 730w, https:\/\/www.taxapa.com\/wp-content\/uploads\/2024\/11\/Frame-15-300x107.png 300w\" sizes=\"(max-width: 730px) 100vw, 730px\" \/>\t\t\t\t\t\t\t\t\t\t\t\t\t\t\t<\/div>\n\t\t\t\t<\/div>\n\t\t\t\t\t<\/div>\n\t\t\t\t<\/div>\n\t\t<div class=\"elementor-element elementor-element-bcbddf2 backgroundGradientStyle e-flex e-con-boxed e-con e-parent\" data-id=\"bcbddf2\" data-element_type=\"container\">\n\t\t\t\t\t<div class=\"e-con-inner\">\n\t\t<div class=\"elementor-element elementor-element-3382c12 e-grid e-con-full e-con e-child\" data-id=\"3382c12\" data-element_type=\"container\">\n\t\t<div class=\"elementor-element elementor-element-8a955a1 e-con-full e-flex e-con e-child\" data-id=\"8a955a1\" data-element_type=\"container\" data-settings=\"{&quot;background_background&quot;:&quot;classic&quot;}\">\n\t\t\t\t<div class=\"elementor-element elementor-element-1bc0af9 elementor-widget elementor-widget-heading\" data-id=\"1bc0af9\" data-element_type=\"widget\" data-widget_type=\"heading.default\">\n\t\t\t\t\t<h3 class=\"elementor-heading-title elementor-size-default\">Kult\u00farna zmena<\/h3>\t\t\t\t<\/div>\n\t\t\t\t<div class=\"elementor-element elementor-element-d1e7c25 elementor-widget elementor-widget-text-editor\" data-id=\"d1e7c25\" data-element_type=\"widget\" data-widget_type=\"text-editor.default\">\n\t\t\t\t\t\t\t\t\t<p>Implement\u00e1cia DevOps vy\u017eaduje v\u00fdrazn\u00fa kult\u00farnu zmenu v r\u00e1mci organiz\u00e1cie, \u010do m\u00f4\u017ee by\u0165 n\u00e1ro\u010dn\u00e9 a \u010dasovo n\u00e1ro\u010dn\u00e9.<\/p>\n\t\t\t\t\t\t\t\t<\/div>\n\t\t\t\t<\/div>\n\t\t<div class=\"elementor-element elementor-element-d931b3c e-con-full e-flex e-con e-child\" data-id=\"d931b3c\" data-element_type=\"container\" data-settings=\"{&quot;background_background&quot;:&quot;classic&quot;}\">\n\t\t\t\t<div class=\"elementor-element elementor-element-9d30e24 elementor-widget elementor-widget-heading\" data-id=\"9d30e24\" data-element_type=\"widget\" data-widget_type=\"heading.default\">\n\t\t\t\t\t<h3 class=\"elementor-heading-title elementor-size-default\">Komplexnos\u0165<\/h3>\t\t\t\t<\/div>\n\t\t\t\t<div class=\"elementor-element elementor-element-01a7128 elementor-widget elementor-widget-text-editor\" data-id=\"01a7128\" data-element_type=\"widget\" data-widget_type=\"text-editor.default\">\n\t\t\t\t\t\t\t\t\t<p>N\u00e1stroje a postupy v DevOps m\u00f4\u017eu by\u0165 komplikovan\u00e9 a vy\u017eaduj\u00fa si r\u00fdchle a intenz\u00edvne u\u010denie pre t\u00edmy.<\/p>\n\t\t\t\t\t\t\t\t<\/div>\n\t\t\t\t<\/div>\n\t\t<div class=\"elementor-element elementor-element-5432d68 e-con-full e-flex e-con e-child\" data-id=\"5432d68\" data-element_type=\"container\" data-settings=\"{&quot;background_background&quot;:&quot;classic&quot;}\">\n\t\t\t\t<div class=\"elementor-element elementor-element-e48c1b4 elementor-widget elementor-widget-heading\" data-id=\"e48c1b4\" data-element_type=\"widget\" data-widget_type=\"heading.default\">\n\t\t\t\t\t<h3 class=\"elementor-heading-title elementor-size-default\">Bezpe\u010dnostn\u00e9 obavy<\/h3>\t\t\t\t<\/div>\n\t\t\t\t<div class=\"elementor-element elementor-element-dfdf5ed elementor-widget elementor-widget-text-editor\" data-id=\"dfdf5ed\" data-element_type=\"widget\" data-widget_type=\"text-editor.default\">\n\t\t\t\t\t\t\t\t\t<p>R\u00fdchlos\u0165 a automatiz\u00e1cia v DevOps m\u00f4\u017eu niekedy vies\u0165 k zanedbaniu bezpe\u010dnosti, ak nie s\u00fa zaveden\u00e9 spr\u00e1vne opatrenia.<\/p>\n\t\t\t\t\t\t\t\t<\/div>\n\t\t\t\t<\/div>\n\t\t<div class=\"elementor-element elementor-element-26020f8 e-con-full e-flex e-con e-child\" data-id=\"26020f8\" data-element_type=\"container\" data-settings=\"{&quot;background_background&quot;:&quot;classic&quot;}\">\n\t\t\t\t<div class=\"elementor-element elementor-element-302a205 elementor-widget elementor-widget-heading\" data-id=\"302a205\" data-element_type=\"widget\" data-widget_type=\"heading.default\">\n\t\t\t\t\t<h3 class=\"elementor-heading-title elementor-size-default\">N\u00e1klady<\/h3>\t\t\t\t<\/div>\n\t\t\t\t<div class=\"elementor-element elementor-element-bf8c935 elementor-widget elementor-widget-text-editor\" data-id=\"bf8c935\" data-element_type=\"widget\" data-widget_type=\"text-editor.default\">\n\t\t\t\t\t\t\t\t\t<p>Implement\u00e1cia DevOps postupov m\u00f4\u017ee vy\u017eadova\u0165 ve\u013ek\u00e9 invest\u00edcie do n\u00e1strojov, \u0161kolen\u00ed a zmien procesov.<\/p>\n\t\t\t\t\t\t\t\t<\/div>\n\t\t\t\t<\/div>\n\t\t\t\t<\/div>\n\t\t\t\t\t<\/div>\n\t\t\t\t<\/div>\n\t\t<div class=\"elementor-element elementor-element-13e2f06 e-con-full fullwidth e-flex e-con e-parent\" data-id=\"13e2f06\" data-element_type=\"container\" id=\"contact\">\n\t\t\t\t<div class=\"elementor-element elementor-element-7d3f955 elementor-widget elementor-widget-shortcode\" data-id=\"7d3f955\" data-element_type=\"widget\" data-widget_type=\"shortcode.default\">\n\t\t\t\t\t\t\t<div class=\"elementor-shortcode\">\t\t<div data-elementor-type=\"container\" data-elementor-id=\"2636\" class=\"elementor elementor-2636 elementor-218\">\n\t\t\t\t<div class=\"elementor-element elementor-element-5dedd823 fullwidth e-flex e-con-boxed e-con e-parent\" data-id=\"5dedd823\" data-element_type=\"container\" id=\"contact\" data-settings=\"{&quot;background_background&quot;:&quot;gradient&quot;}\">\n\t\t\t\t\t<div class=\"e-con-inner\">\n\t\t<div class=\"elementor-element elementor-element-6c439bb2 e-con-full e-flex e-con e-child\" data-id=\"6c439bb2\" data-element_type=\"container\">\n\t\t\t\t<div class=\"elementor-element elementor-element-26f93a82 elementor-widget elementor-widget-heading\" data-id=\"26f93a82\" data-element_type=\"widget\" data-widget_type=\"heading.default\">\n\t\t\t\t\t<h1 class=\"elementor-heading-title elementor-size-default\">Kontaktujte n\u00e1s<\/h1>\t\t\t\t<\/div>\n\t\t\t\t<div class=\"elementor-element elementor-element-252eaec2 elementor-widget elementor-widget-text-editor\" data-id=\"252eaec2\" data-element_type=\"widget\" data-widget_type=\"text-editor.default\">\n\t\t\t\t\t\t\t\t\t<p>Kontaktujte n\u00e1\u0161 t\u00edm, teraz!<\/p>\n\t\t\t\t\t\t\t\t<\/div>\n\t\t\t\t<div class=\"elementor-element elementor-element-584a8e30 elementor-widget__width-inherit elementor-widget elementor-widget-shortcode\" data-id=\"584a8e30\" data-element_type=\"widget\" data-widget_type=\"shortcode.default\">\n\t\t\t\t\t\t\t<div class=\"elementor-shortcode\">    <form id=\"contact-form\" method=\"post\" action=\"\">\n        <input type=\"text\" id=\"name\" name=\"name\" placeholder=\"Meno*\" required \/>\n\n        <div class=\"sameRow\">\n            <input type=\"email\" id=\"email\" name=\"email\" placeholder=\"Email*\" required \/>\n\n            <input type=\"tel\" id=\"telephone\" name=\"telephone\" placeholder=\"Telef\u00f3n*\" required \/>\n        <\/div>\n\n        <input type=\"text\" id=\"subject\" name=\"subject\" placeholder=\"Predmet*\" required \/>\n\n        <textarea id=\"message\" name=\"message\" placeholder=\"Va\u0161a spr\u00e1va*\" required><\/textarea>\n\n        <label for=\"gdpr\">\n            <input type=\"checkbox\" id=\"gdpr\" name=\"gdpr\" required \/> S\u00fahlas\u00edm so spracovan\u00edm \u00fadajov        <\/label>\n\t\t<p class=\"gdpr-error\" id=\"gdpr-error\" style=\"display:none; color:red; margin-top:4px;\">\n\t\t\tPros\u00edm s\u00fahlaste so spracovan\u00edm \u00fadajov.\t\t<\/p>\n\t\t<div class=\"g-recaptcha\" data-sitekey=\"6LcUVKssAAAAAOT99UohzJ91Yn7mPzbVgEVWMwun\"><\/div>\n\t\t<p id=\"recaptcha-error\" style=\"display:none; color:red; margin-top:6px;\">\n\t\t\tPros\u00edm potvr\u010fte, \u017ee nie ste robot.\t\t<\/p>\n        <button type=\"submit\" name=\"submit_form\" class=\"button-primary\">Odosla\u0165 spr\u00e1vu            <svg width=\"17\" height=\"14\" viewBox=\"0 0 17 14\" fill=\"none\" xmlns=\"http:\/\/www.w3.org\/2000\/svg\">\n                <path d=\"M1.7665 13.7228C1.4645 13.8434 1.17792 13.8178 0.90675 13.6458C0.635583 13.4738 0.5 13.2233 0.5 12.8943L0.5 8.67301L7.423 7.00001L0.5 5.32701L0.5 1.10576C0.5 0.776762 0.635583 0.526262 0.90675 0.354262C1.17792 0.182262 1.4645 0.156597 1.7665 0.277264L15.723 6.16151C16.0948 6.32801 16.2807 6.6081 16.2807 7.00176C16.2807 7.39543 16.0948 7.67435 15.723 7.83851L1.7665 13.7228Z\" fill=\"white\"\/>\n            <\/svg>\n\n        <\/button>\n    <\/form>\n    <div id=\"form-response\"><\/div>\n    <script>\n\t\tjQuery(document).ready(function ($) {\n\t\t\t\/\/ GDPR checkbox class toggle (your existing code)\n\t\t\t$('#gdpr').change(function () {\n\t\t\t\tif ($(this).is(':checked')) {\n\t\t\t\t\t$('label[for=\"gdpr\"]').addClass('checked');\n\t\t\t\t\t$('#gdpr-error').hide();\n\t\t\t\t} else {\n\t\t\t\t\t$('label[for=\"gdpr\"]').removeClass('checked');\n\t\t\t\t}\n\t\t\t});\n\t\t});\n\t<\/script>\n    <\/div>\n\t\t\t\t\t\t<\/div>\n\t\t\t\t<\/div>\n\t\t<div class=\"elementor-element elementor-element-5333b6d8 e-con-full e-flex e-con e-child\" data-id=\"5333b6d8\" data-element_type=\"container\">\n\t\t\t\t<div class=\"elementor-element elementor-element-4c01e2a8 elementor-widget elementor-widget-heading\" data-id=\"4c01e2a8\" data-element_type=\"widget\" data-widget_type=\"heading.default\">\n\t\t\t\t\t<h3 class=\"elementor-heading-title elementor-size-default\">Kde n\u00e1s n\u00e1jdete?<\/h3>\t\t\t\t<\/div>\n\t\t\t\t<div class=\"elementor-element elementor-element-5416317f elementor-widget elementor-widget-text-editor\" data-id=\"5416317f\" data-element_type=\"widget\" data-widget_type=\"text-editor.default\">\n\t\t\t\t\t\t\t\t\t<p>Gal\u00e9ria Cubicon, Star\u00e9 Grunty 26F<br \/>841 04 Bratislava<\/p>\n\t\t\t\t\t\t\t\t<\/div>\n\t\t<div class=\"elementor-element elementor-element-2884c58e e-con-full e-flex e-con e-child\" data-id=\"2884c58e\" data-element_type=\"container\">\n\t\t<div class=\"elementor-element elementor-element-2ef190b7 e-con-full e-flex e-con e-child\" data-id=\"2ef190b7\" data-element_type=\"container\">\n\t\t\t\t<div class=\"elementor-element elementor-element-1c52b2a0 elementor-widget elementor-widget-image\" data-id=\"1c52b2a0\" data-element_type=\"widget\" data-widget_type=\"image.default\">\n\t\t\t\t\t\t\t\t\t\t\t\t\t\t\t<img decoding=\"async\" width=\"33\" height=\"33\" src=\"https:\/\/www.taxapa.com\/wp-content\/uploads\/2024\/10\/Icons.png\" class=\"attachment-large size-large wp-image-100\" alt=\"\" \/>\t\t\t\t\t\t\t\t\t\t\t\t\t\t\t<\/div>\n\t\t\t\t<div class=\"elementor-element elementor-element-624383ca elementor-widget elementor-widget-heading\" data-id=\"624383ca\" data-element_type=\"widget\" data-widget_type=\"heading.default\">\n\t\t\t\t\t<h4 class=\"elementor-heading-title elementor-size-default\">+421 910 909 600<\/h4>\t\t\t\t<\/div>\n\t\t\t\t<\/div>\n\t\t<div class=\"elementor-element elementor-element-4df91366 e-con-full e-flex e-con e-child\" data-id=\"4df91366\" data-element_type=\"container\">\n\t\t\t\t<div class=\"elementor-element elementor-element-3ce161aa elementor-widget elementor-widget-image\" data-id=\"3ce161aa\" data-element_type=\"widget\" data-widget_type=\"image.default\">\n\t\t\t\t\t\t\t\t\t\t\t\t\t\t\t<img decoding=\"async\" width=\"33\" height=\"33\" src=\"https:\/\/www.taxapa.com\/wp-content\/uploads\/2024\/10\/Icons-1.png\" class=\"attachment-large size-large wp-image-102\" alt=\"\" \/>\t\t\t\t\t\t\t\t\t\t\t\t\t\t\t<\/div>\n\t\t\t\t<div class=\"elementor-element elementor-element-4296ce2a elementor-widget elementor-widget-heading\" data-id=\"4296ce2a\" data-element_type=\"widget\" data-widget_type=\"heading.default\">\n\t\t\t\t\t<h4 class=\"elementor-heading-title elementor-size-default\">info@taxapa.com<\/h4>\t\t\t\t<\/div>\n\t\t\t\t<\/div>\n\t\t\t\t<\/div>\n\t\t<div class=\"elementor-element elementor-element-17c5bd11 e-con-full e-flex e-con e-child\" data-id=\"17c5bd11\" data-element_type=\"container\">\n\t\t\t\t<div class=\"elementor-element elementor-element-3bb53ea elementor-widget elementor-widget-heading\" data-id=\"3bb53ea\" data-element_type=\"widget\" data-widget_type=\"heading.default\">\n\t\t\t\t\t<div class=\"elementor-heading-title elementor-size-default\">Sledujte n\u00e1s aj na:<\/div>\t\t\t\t<\/div>\n\t\t<div class=\"elementor-element elementor-element-667c3f8e e-con-full e-flex e-con e-child\" data-id=\"667c3f8e\" data-element_type=\"container\">\n\t\t\t\t<div class=\"elementor-element elementor-element-3def767a elementor-widget elementor-widget-image\" data-id=\"3def767a\" data-element_type=\"widget\" data-widget_type=\"image.default\">\n\t\t\t\t\t\t\t\t\t\t\t\t\t\t\t\t<a href=\"https:\/\/www.linkedin.com\/company\/69509777\/\">\n\t\t\t\t\t\t\t<img loading=\"lazy\" decoding=\"async\" width=\"41\" height=\"41\" src=\"https:\/\/www.taxapa.com\/wp-content\/uploads\/2024\/10\/Buttony.png\" class=\"attachment-full size-full wp-image-104\" alt=\"\" \/>\t\t\t\t\t\t\t\t<\/a>\n\t\t\t\t\t\t\t\t\t\t\t\t\t\t\t<\/div>\n\t\t\t\t<div class=\"elementor-element elementor-element-5bd0825a elementor-widget elementor-widget-image\" data-id=\"5bd0825a\" data-element_type=\"widget\" data-widget_type=\"image.default\">\n\t\t\t\t\t\t\t\t\t\t\t\t\t\t\t\t<a href=\"https:\/\/www.facebook.com\/profile.php?id=100063938983116\">\n\t\t\t\t\t\t\t<img loading=\"lazy\" decoding=\"async\" width=\"41\" height=\"41\" src=\"https:\/\/www.taxapa.com\/wp-content\/uploads\/2024\/10\/Buttony-1.png\" class=\"attachment-full size-full wp-image-106\" alt=\"\" \/>\t\t\t\t\t\t\t\t<\/a>\n\t\t\t\t\t\t\t\t\t\t\t\t\t\t\t<\/div>\n\t\t\t\t<div class=\"elementor-element elementor-element-5bac4fc4 elementor-widget elementor-widget-image\" data-id=\"5bac4fc4\" data-element_type=\"widget\" data-widget_type=\"image.default\">\n\t\t\t\t\t\t\t\t\t\t\t\t\t\t\t<img loading=\"lazy\" decoding=\"async\" width=\"41\" height=\"41\" src=\"https:\/\/www.taxapa.com\/wp-content\/uploads\/2024\/10\/Buttony-2.png\" class=\"attachment-full size-full wp-image-108\" alt=\"\" \/>\t\t\t\t\t\t\t\t\t\t\t\t\t\t\t<\/div>\n\t\t\t\t<\/div>\n\t\t\t\t<\/div>\n\t\t\t\t<\/div>\n\t\t\t\t\t<\/div>\n\t\t\t\t<\/div>\n\t\t\t\t<\/div>\n\t\t<\/div>\n\t\t\t\t\t\t<\/div>\n\t\t\t\t<\/div>\n\t\t\t\t<\/div>\n\t\t","protected":false},"excerpt":{"rendered":"<p>Nev\u00fdhody DevOps Medzi nev\u00fdhody DevOps patr\u00ed nutnos\u0165 zmeny firemnej kult\u00fary a zvl\u00e1dnutie komplexn\u00fdch n\u00e1strojov, \u010do si vy\u017eaduje \u010das. Automatiz\u00e1cia m\u00f4\u017ee zv\u00fd\u0161i\u0165 riziko bezpe\u010dnostn\u00fdch prehliadnut\u00ed a vysok\u00e9 po\u010diato\u010dn\u00e9 n\u00e1klady na n\u00e1stroje a \u0161kolenia zvy\u0161uj\u00fa celkov\u00e9 n\u00e1klady na jeho zavedenie. \u00a0 Things are getting better with us! Kontaktujte n\u00e1s Kult\u00farna zmena Implement\u00e1cia DevOps vy\u017eaduje v\u00fdrazn\u00fa kult\u00farnu zmenu [&hellip;]<\/p>\n","protected":false},"author":1,"featured_media":0,"parent":0,"menu_order":0,"comment_status":"closed","ping_status":"closed","template":"","meta":{"footnotes":""},"class_list":["post-2708","page","type-page","status-publish","hentry"],"yoast_head":"<!-- This site is optimized with the Yoast SEO plugin v26.6 - https:\/\/yoast.com\/wordpress\/plugins\/seo\/ -->\n<title>Nev\u00fdhody DevOps - TaXaPa<\/title>\n<meta name=\"robots\" content=\"index, follow, max-snippet:-1, max-image-preview:large, max-video-preview:-1\" \/>\n<link rel=\"canonical\" href=\"https:\/\/www.taxapa.com\/disadvantages-of-devops\/\" \/>\n<meta property=\"og:locale\" content=\"sk_SK\" \/>\n<meta property=\"og:type\" content=\"article\" \/>\n<meta property=\"og:title\" content=\"Nev\u00fdhody DevOps - TaXaPa\" \/>\n<meta property=\"og:description\" content=\"Nev\u00fdhody DevOps Medzi nev\u00fdhody DevOps patr\u00ed nutnos\u0165 zmeny firemnej kult\u00fary a zvl\u00e1dnutie komplexn\u00fdch n\u00e1strojov, \u010do si vy\u017eaduje \u010das. Automatiz\u00e1cia m\u00f4\u017ee zv\u00fd\u0161i\u0165 riziko bezpe\u010dnostn\u00fdch prehliadnut\u00ed a vysok\u00e9 po\u010diato\u010dn\u00e9 n\u00e1klady na n\u00e1stroje a \u0161kolenia zvy\u0161uj\u00fa celkov\u00e9 n\u00e1klady na jeho zavedenie. \u00a0 Things are getting better with us! Kontaktujte n\u00e1s Kult\u00farna zmena Implement\u00e1cia DevOps vy\u017eaduje v\u00fdrazn\u00fa kult\u00farnu zmenu [&hellip;]\" \/>\n<meta property=\"og:url\" content=\"https:\/\/www.taxapa.com\/disadvantages-of-devops\/\" \/>\n<meta property=\"og:site_name\" content=\"TaXaPa\" \/>\n<meta property=\"article:publisher\" content=\"https:\/\/www.facebook.com\/100063938983116\/\" \/>\n<meta property=\"article:modified_time\" content=\"2025-05-22T07:59:54+00:00\" \/>\n<meta property=\"og:image\" content=\"https:\/\/www.taxapa.com\/wp-content\/uploads\/2024\/11\/Frame-15.png\" \/>\n\t<meta property=\"og:image:width\" content=\"730\" \/>\n\t<meta property=\"og:image:height\" content=\"260\" \/>\n\t<meta property=\"og:image:type\" content=\"image\/png\" \/>\n<meta name=\"twitter:card\" content=\"summary_large_image\" \/>\n<meta name=\"twitter:label1\" content=\"Predpokladan\u00fd \u010das \u010d\u00edtania\" \/>\n\t<meta name=\"twitter:data1\" content=\"3 min\u00faty\" \/>\n<script type=\"application\/ld+json\" class=\"yoast-schema-graph\">{\"@context\":\"https:\/\/schema.org\",\"@graph\":[{\"@type\":\"WebPage\",\"@id\":\"https:\/\/www.taxapa.com\/disadvantages-of-devops\/\",\"url\":\"https:\/\/www.taxapa.com\/disadvantages-of-devops\/\",\"name\":\"Nev\u00fdhody DevOps - TaXaPa\",\"isPartOf\":{\"@id\":\"https:\/\/www.taxapa.com\/#website\"},\"primaryImageOfPage\":{\"@id\":\"https:\/\/www.taxapa.com\/disadvantages-of-devops\/#primaryimage\"},\"image\":{\"@id\":\"https:\/\/www.taxapa.com\/disadvantages-of-devops\/#primaryimage\"},\"thumbnailUrl\":\"https:\/\/www.taxapa.com\/wp-content\/uploads\/2024\/11\/Frame-15.png\",\"datePublished\":\"2024-11-08T14:24:14+00:00\",\"dateModified\":\"2025-05-22T07:59:54+00:00\",\"breadcrumb\":{\"@id\":\"https:\/\/www.taxapa.com\/disadvantages-of-devops\/#breadcrumb\"},\"inLanguage\":\"sk-SK\",\"potentialAction\":[{\"@type\":\"ReadAction\",\"target\":[\"https:\/\/www.taxapa.com\/disadvantages-of-devops\/\"]}]},{\"@type\":\"ImageObject\",\"inLanguage\":\"sk-SK\",\"@id\":\"https:\/\/www.taxapa.com\/disadvantages-of-devops\/#primaryimage\",\"url\":\"https:\/\/www.taxapa.com\/wp-content\/uploads\/2024\/11\/Frame-15.png\",\"contentUrl\":\"https:\/\/www.taxapa.com\/wp-content\/uploads\/2024\/11\/Frame-15.png\"},{\"@type\":\"BreadcrumbList\",\"@id\":\"https:\/\/www.taxapa.com\/disadvantages-of-devops\/#breadcrumb\",\"itemListElement\":[{\"@type\":\"ListItem\",\"position\":1,\"name\":\"Home\",\"item\":\"https:\/\/www.taxapa.com\/\"},{\"@type\":\"ListItem\",\"position\":2,\"name\":\"Nev\u00fdhody DevOps\"}]},{\"@type\":\"WebSite\",\"@id\":\"https:\/\/www.taxapa.com\/#website\",\"url\":\"https:\/\/www.taxapa.com\/\",\"name\":\"TaXaPa\",\"description\":\"\",\"publisher\":{\"@id\":\"https:\/\/www.taxapa.com\/#organization\"},\"potentialAction\":[{\"@type\":\"SearchAction\",\"target\":{\"@type\":\"EntryPoint\",\"urlTemplate\":\"https:\/\/www.taxapa.com\/?s={search_term_string}\"},\"query-input\":{\"@type\":\"PropertyValueSpecification\",\"valueRequired\":true,\"valueName\":\"search_term_string\"}}],\"inLanguage\":\"sk-SK\"},{\"@type\":\"Organization\",\"@id\":\"https:\/\/www.taxapa.com\/#organization\",\"name\":\"TaXaPa\",\"url\":\"https:\/\/www.taxapa.com\/\",\"logo\":{\"@type\":\"ImageObject\",\"inLanguage\":\"sk-SK\",\"@id\":\"https:\/\/www.taxapa.com\/#\/schema\/logo\/image\/\",\"url\":\"https:\/\/www.taxapa.com\/wp-content\/uploads\/2024\/10\/Layer_1.svg\",\"contentUrl\":\"https:\/\/www.taxapa.com\/wp-content\/uploads\/2024\/10\/Layer_1.svg\",\"width\":221,\"height\":79,\"caption\":\"TaXaPa\"},\"image\":{\"@id\":\"https:\/\/www.taxapa.com\/#\/schema\/logo\/image\/\"},\"sameAs\":[\"https:\/\/www.facebook.com\/100063938983116\/\",\"https:\/\/www.linkedin.com\/company\/69509777\/\"]}]}<\/script>\n<!-- \/ Yoast SEO plugin. -->","yoast_head_json":{"title":"Nev\u00fdhody DevOps - TaXaPa","robots":{"index":"index","follow":"follow","max-snippet":"max-snippet:-1","max-image-preview":"max-image-preview:large","max-video-preview":"max-video-preview:-1"},"canonical":"https:\/\/www.taxapa.com\/disadvantages-of-devops\/","og_locale":"sk_SK","og_type":"article","og_title":"Nev\u00fdhody DevOps - TaXaPa","og_description":"Nev\u00fdhody DevOps Medzi nev\u00fdhody DevOps patr\u00ed nutnos\u0165 zmeny firemnej kult\u00fary a zvl\u00e1dnutie komplexn\u00fdch n\u00e1strojov, \u010do si vy\u017eaduje \u010das. Automatiz\u00e1cia m\u00f4\u017ee zv\u00fd\u0161i\u0165 riziko bezpe\u010dnostn\u00fdch prehliadnut\u00ed a vysok\u00e9 po\u010diato\u010dn\u00e9 n\u00e1klady na n\u00e1stroje a \u0161kolenia zvy\u0161uj\u00fa celkov\u00e9 n\u00e1klady na jeho zavedenie. \u00a0 Things are getting better with us! Kontaktujte n\u00e1s Kult\u00farna zmena Implement\u00e1cia DevOps vy\u017eaduje v\u00fdrazn\u00fa kult\u00farnu zmenu [&hellip;]","og_url":"https:\/\/www.taxapa.com\/disadvantages-of-devops\/","og_site_name":"TaXaPa","article_publisher":"https:\/\/www.facebook.com\/100063938983116\/","article_modified_time":"2025-05-22T07:59:54+00:00","og_image":[{"width":730,"height":260,"url":"https:\/\/www.taxapa.com\/wp-content\/uploads\/2024\/11\/Frame-15.png","type":"image\/png"}],"twitter_card":"summary_large_image","twitter_misc":{"Predpokladan\u00fd \u010das \u010d\u00edtania":"3 min\u00faty"},"schema":{"@context":"https:\/\/schema.org","@graph":[{"@type":"WebPage","@id":"https:\/\/www.taxapa.com\/disadvantages-of-devops\/","url":"https:\/\/www.taxapa.com\/disadvantages-of-devops\/","name":"Nev\u00fdhody DevOps - TaXaPa","isPartOf":{"@id":"https:\/\/www.taxapa.com\/#website"},"primaryImageOfPage":{"@id":"https:\/\/www.taxapa.com\/disadvantages-of-devops\/#primaryimage"},"image":{"@id":"https:\/\/www.taxapa.com\/disadvantages-of-devops\/#primaryimage"},"thumbnailUrl":"https:\/\/www.taxapa.com\/wp-content\/uploads\/2024\/11\/Frame-15.png","datePublished":"2024-11-08T14:24:14+00:00","dateModified":"2025-05-22T07:59:54+00:00","breadcrumb":{"@id":"https:\/\/www.taxapa.com\/disadvantages-of-devops\/#breadcrumb"},"inLanguage":"sk-SK","potentialAction":[{"@type":"ReadAction","target":["https:\/\/www.taxapa.com\/disadvantages-of-devops\/"]}]},{"@type":"ImageObject","inLanguage":"sk-SK","@id":"https:\/\/www.taxapa.com\/disadvantages-of-devops\/#primaryimage","url":"https:\/\/www.taxapa.com\/wp-content\/uploads\/2024\/11\/Frame-15.png","contentUrl":"https:\/\/www.taxapa.com\/wp-content\/uploads\/2024\/11\/Frame-15.png"},{"@type":"BreadcrumbList","@id":"https:\/\/www.taxapa.com\/disadvantages-of-devops\/#breadcrumb","itemListElement":[{"@type":"ListItem","position":1,"name":"Home","item":"https:\/\/www.taxapa.com\/"},{"@type":"ListItem","position":2,"name":"Nev\u00fdhody DevOps"}]},{"@type":"WebSite","@id":"https:\/\/www.taxapa.com\/#website","url":"https:\/\/www.taxapa.com\/","name":"TaXaPa","description":"","publisher":{"@id":"https:\/\/www.taxapa.com\/#organization"},"potentialAction":[{"@type":"SearchAction","target":{"@type":"EntryPoint","urlTemplate":"https:\/\/www.taxapa.com\/?s={search_term_string}"},"query-input":{"@type":"PropertyValueSpecification","valueRequired":true,"valueName":"search_term_string"}}],"inLanguage":"sk-SK"},{"@type":"Organization","@id":"https:\/\/www.taxapa.com\/#organization","name":"TaXaPa","url":"https:\/\/www.taxapa.com\/","logo":{"@type":"ImageObject","inLanguage":"sk-SK","@id":"https:\/\/www.taxapa.com\/#\/schema\/logo\/image\/","url":"https:\/\/www.taxapa.com\/wp-content\/uploads\/2024\/10\/Layer_1.svg","contentUrl":"https:\/\/www.taxapa.com\/wp-content\/uploads\/2024\/10\/Layer_1.svg","width":221,"height":79,"caption":"TaXaPa"},"image":{"@id":"https:\/\/www.taxapa.com\/#\/schema\/logo\/image\/"},"sameAs":["https:\/\/www.facebook.com\/100063938983116\/","https:\/\/www.linkedin.com\/company\/69509777\/"]}]}},"_links":{"self":[{"href":"https:\/\/www.taxapa.com\/sk\/wp-json\/wp\/v2\/pages\/2708","targetHints":{"allow":["GET"]}}],"collection":[{"href":"https:\/\/www.taxapa.com\/sk\/wp-json\/wp\/v2\/pages"}],"about":[{"href":"https:\/\/www.taxapa.com\/sk\/wp-json\/wp\/v2\/types\/page"}],"author":[{"embeddable":true,"href":"https:\/\/www.taxapa.com\/sk\/wp-json\/wp\/v2\/users\/1"}],"replies":[{"embeddable":true,"href":"https:\/\/www.taxapa.com\/sk\/wp-json\/wp\/v2\/comments?post=2708"}],"version-history":[{"count":7,"href":"https:\/\/www.taxapa.com\/sk\/wp-json\/wp\/v2\/pages\/2708\/revisions"}],"predecessor-version":[{"id":3234,"href":"https:\/\/www.taxapa.com\/sk\/wp-json\/wp\/v2\/pages\/2708\/revisions\/3234"}],"wp:attachment":[{"href":"https:\/\/www.taxapa.com\/sk\/wp-json\/wp\/v2\/media?parent=2708"}],"curies":[{"name":"wp","href":"https:\/\/api.w.org\/{rel}","templated":true}]}}